{"id":124,"date":"2024-05-08T15:15:00","date_gmt":"2024-05-08T15:15:00","guid":{"rendered":"https:\/\/sanjoaninas.cmah.pt\/?page_id=124"},"modified":"2026-05-12T15:04:59","modified_gmt":"2026-05-12T15:04:59","slug":"palco-meo-bailao","status":"publish","type":"page","link":"https:\/\/sanjoaninas.cmah.pt\/?page_id=124","title":{"rendered":"Palco MEO Bail\u00e3o"},"content":{"rendered":"\n<div class=\"wp-block-group alignfull has-contrast-2-background-color has-background has-global-padding is-layout-constrained wp-container-core-group-is-layout-669513ed wp-block-group-is-layout-constrained\" style=\"margin-top:0;margin-bottom:0;padding-top:var(--wp--preset--spacing--50);padding-right:var(--wp--preset--spacing--50);padding-bottom:var(--wp--preset--spacing--50);padding-left:var(--wp--preset--spacing--50)\">\n<div class=\"wp-block-columns alignwide is-layout-flex wp-container-core-columns-is-layout-1da03c2a wp-block-columns-is-layout-flex\">\n<div class=\"wp-block-column is-vertically-aligned-stretch is-layout-flow wp-block-column-is-layout-flow\" style=\"flex-basis:50%\">\n<div class=\"wp-block-group is-vertical is-content-justification-stretch is-layout-flex wp-container-core-group-is-layout-444d5ee8 wp-block-group-is-layout-flex\" style=\"min-height:100%\">\n<p class=\"has-base-2-color has-text-color has-link-color has-heading-font-family has-x-large-font-size wp-elements-5d8506cf912b687db7c7bdca46cc53d6\" style=\"line-height:1.2\">Prepara-te para o maior palco das Sanjoaninas 2026!<\/p>\n\n\n\n<div class=\"wp-block-group has-global-padding is-content-justification-left is-layout-constrained wp-container-core-group-is-layout-9fe8ed88 wp-block-group-is-layout-constrained\">\n<p class=\"has-base-2-color has-text-color has-link-color wp-elements-27935781d76bd5f6d8028c2c85412d75 wp-container-content-0733e5d0\">Descobre como adquirir os ingressos abaixo!<\/p>\n<\/div>\n<\/div>\n<\/div>\n\n\n\n<div class=\"wp-block-column is-vertically-aligned-center is-layout-flow wp-block-column-is-layout-flow\" style=\"flex-basis:50%\">\n<figure class=\"wp-block-image size-large is-style-rounded is-style-rounded--1\"><img loading=\"lazy\" decoding=\"async\" width=\"819\" height=\"1024\" src=\"https:\/\/sanjoaninas.cmah.pt\/wp-content\/uploads\/2026\/05\/grafismos-01-1-819x1024.png\" alt=\"\" class=\"wp-image-996\" style=\"aspect-ratio:3\/4;object-fit:cover\" srcset=\"https:\/\/sanjoaninas.cmah.pt\/wp-content\/uploads\/2026\/05\/grafismos-01-1-819x1024.png 819w, https:\/\/sanjoaninas.cmah.pt\/wp-content\/uploads\/2026\/05\/grafismos-01-1-240x300.png 240w, https:\/\/sanjoaninas.cmah.pt\/wp-content\/uploads\/2026\/05\/grafismos-01-1-768x960.png 768w, https:\/\/sanjoaninas.cmah.pt\/wp-content\/uploads\/2026\/05\/grafismos-01-1-1229x1536.png 1229w, https:\/\/sanjoaninas.cmah.pt\/wp-content\/uploads\/2026\/05\/grafismos-01-1-1638x2048.png 1638w, https:\/\/sanjoaninas.cmah.pt\/wp-content\/uploads\/2026\/05\/grafismos-01-1-scaled.png 2048w\" sizes=\"auto, (max-width: 819px) 100vw, 819px\" \/><\/figure>\n<\/div>\n<\/div>\n<\/div>\n\n\n\n<div class=\"wp-block-group alignfull has-base-background-color has-background has-global-padding is-layout-constrained wp-container-core-group-is-layout-d89aad35 wp-block-group-is-layout-constrained\" style=\"margin-top:0;margin-bottom:0;padding-top:var(--wp--preset--spacing--50);padding-right:var(--wp--preset--spacing--50);padding-bottom:var(--wp--preset--spacing--50);padding-left:var(--wp--preset--spacing--50)\">\n<div class=\"wp-block-columns alignwide is-layout-flex wp-container-core-columns-is-layout-549b0c86 wp-block-columns-is-layout-flex\">\n<div class=\"wp-block-column has-global-padding is-content-justification-left is-layout-constrained wp-container-core-column-is-layout-4f15e8fe wp-block-column-is-layout-constrained\" style=\"flex-basis:40%\">\n<h2 class=\"wp-block-heading\">Sobre as pulseiras para o Palco Bail\u00e3o<\/h2>\n<\/div>\n\n\n\n<div class=\"wp-block-column has-base-2-color has-text-color has-link-color wp-elements-ffef52c89765ec4005a928d01f1d20a1 is-layout-flow wp-container-core-column-is-layout-119bc444 wp-block-column-is-layout-flow\" style=\"flex-basis:60%\">\n<p>O Palco Bail\u00e3o \u00e9 o \u00fanico que tem entrada paga. Os ingressos gerais poder\u00e3o ser adquiridos nos seguintes postos de venda:<\/p>\n\n\n\n<h2 class=\"wp-block-heading\"><strong>1. Ticketline<\/strong><\/h2>\n\n\n\n<h3 class=\"wp-block-heading\"><strong>A. Online<\/strong> (ticketline.sapo.pt)<\/h3>\n\n\n\n<p>A venda online inicia-se no dia 13 de maio, sendo emitido um bilhete. A troca do bilhete adquirido atrav\u00e9s da p\u00e1gina de internet da <a href=\"http:\/\/ticketline.sapo.pt\" data-type=\"link\" data-id=\"ticketline.sapo.pt\">Ticketline <\/a>pela pulseira deve ser realizada:<\/p>\n\n\n\n<ul class=\"wp-block-list\">\n<li>a partir do dia 11 de junho e at\u00e9 ao dia 24 de junho no secretariado das festas que ficar\u00e1 instalado no Teatro Angrense;<\/li>\n\n\n\n<li>ou a partir do dia 19 de junho na bilheteira do recinto de concertos do Bail\u00e3o, nos hor\u00e1rios abaixo indicados.<\/li>\n<\/ul>\n\n\n\n<h3 class=\"wp-block-heading\"><strong>B. F\u00edsica<\/strong><\/h3>\n\n\n\n<p>A venda f\u00edsica inicia-se no dia 13 de maio nos seguintes locais, sendo emitido um bilhete:<\/p>\n\n\n\n<ul class=\"wp-block-list\">\n<li>De segunda a sexta, entre as 8h30 e as 16h00, nos Pa\u00e7os do Concelho;<\/li>\n\n\n\n<li>De quinta a segunda, no CCCAH, 1h30 antes de cada sess\u00e3o.<\/li>\n<\/ul>\n\n\n\n<p>Ser\u00e1 tamb\u00e9m poss\u00edvel adquirir fisicamente o ingresso semanal no secretariado das festas, a partir do dia 11 de junho e at\u00e9 ao dia 24 de junho.<\/p>\n\n\n\n<p>A troca do bilhete pela pulseira deve ser realizada a partir do dia 11 de junho no Secretariado das festas e at\u00e9 ao dia 24 de junho.<\/p>\n\n\n\n<p>A partir das 16h00 do dia 19 de junho a troca pode tamb\u00e9m ser efetuada na bilheteira do recinto de concertos do Bail\u00e3o nos hor\u00e1rios abaixo indicados.<\/p>\n\n\n\n<h2 class=\"wp-block-heading\"><strong>2. Bilheteira do Palco Bail\u00e3o<\/strong><\/h2>\n\n\n\n<ul class=\"wp-block-list\">\n<li>Dia 19 de junho: a partir das 16h00 at\u00e9 30 minutos antes do encerramento do recinto.<\/li>\n\n\n\n<li>Nos restantes dias: entre 2h00 antes da primeira atua\u00e7\u00e3o e at\u00e9 30 minutos antes do fecho.<\/li>\n<\/ul>\n\n\n\n<h2 class=\"wp-block-heading\"><strong>Pre\u00e7os<\/strong><\/h2>\n\n\n\n<ul class=\"wp-block-list\">\n<li>a) 30\u20ac pulseira semanal<\/li>\n\n\n\n<li>b) 15\u20ac pulseira di\u00e1ria (Nota 1)<\/li>\n\n\n\n<li>c) Entrada gr\u00e1tis para crian\u00e7as com at\u00e9 12 anos inclusive, \u00e0 data de 19 de junho, desde que acompanhadas por um adulto portador de bilhete v\u00e1lido.<\/li>\n<\/ul>\n\n\n\n<p><strong>Nota 1:<\/strong> As pulseiras di\u00e1rias s\u00e3o vendidas apenas na bilheteira do recinto de concertos do Bail\u00e3o no pr\u00f3prio dia, iniciando-se a venda duas horas antes do in\u00edcio do primeiro espet\u00e1culo. No dia 19 de junho a venda inicia-se, excecionalmente, pelas 16h00.<\/p>\n<\/div>\n<\/div>\n<\/div>\n","protected":false},"excerpt":{"rendered":"<p>Prepara-te para o maior palco das Sanjoaninas 2026! Descobre como adquirir os ingressos abaixo! Sobre as pulseiras para o Palco Bail\u00e3o O Palco Bail\u00e3o \u00e9 o \u00fanico que tem entrada paga. Os ingressos gerais poder\u00e3o ser adquiridos nos seguintes postos de venda: 1. Ticketline A. Online (ticketline.sapo.pt) A venda online inicia-se no dia 13 de [&hellip;]<\/p>\n","protected":false},"author":1,"featured_media":0,"parent":0,"menu_order":0,"comment_status":"closed","ping_status":"closed","template":"","meta":{"footnotes":""},"class_list":["post-124","page","type-page","status-publish","hentry"],"_links":{"self":[{"href":"https:\/\/sanjoaninas.cmah.pt\/index.php?rest_route=\/wp\/v2\/pages\/124","targetHints":{"allow":["GET"]}}],"collection":[{"href":"https:\/\/sanjoaninas.cmah.pt\/index.php?rest_route=\/wp\/v2\/pages"}],"about":[{"href":"https:\/\/sanjoaninas.cmah.pt\/index.php?rest_route=\/wp\/v2\/types\/page"}],"author":[{"embeddable":true,"href":"https:\/\/sanjoaninas.cmah.pt\/index.php?rest_route=\/wp\/v2\/users\/1"}],"replies":[{"embeddable":true,"href":"https:\/\/sanjoaninas.cmah.pt\/index.php?rest_route=%2Fwp%2Fv2%2Fcomments&post=124"}],"version-history":[{"count":11,"href":"https:\/\/sanjoaninas.cmah.pt\/index.php?rest_route=\/wp\/v2\/pages\/124\/revisions"}],"predecessor-version":[{"id":997,"href":"https:\/\/sanjoaninas.cmah.pt\/index.php?rest_route=\/wp\/v2\/pages\/124\/revisions\/997"}],"wp:attachment":[{"href":"https:\/\/sanjoaninas.cmah.pt\/index.php?rest_route=%2Fwp%2Fv2%2Fmedia&parent=124"}],"curies":[{"name":"wp","href":"https:\/\/api.w.org\/{rel}","templated":true}]}}